{"id":3475,"date":"2025-06-10T15:41:25","date_gmt":"2025-06-10T15:41:25","guid":{"rendered":"https:\/\/hotelarconte.com\/?page_id=3475"},"modified":"2025-07-08T09:44:26","modified_gmt":"2025-07-08T09:44:26","slug":"hotel-senza-fumo","status":"publish","type":"page","link":"https:\/\/hotelarconte.com\/it\/hotel-senza-fumo\/","title":{"rendered":"Hotel senza fumo"},"content":{"rendered":"<p><strong>Dichiarazione d\u2019impegno: Hotel 100% smoke-free<\/strong><\/p>\n<p>Riconfermiamo il nostro impegno nei confronti del benessere, della salute e del rispetto reciproco attraverso una politica chiara e risoluta:<br \/>\n<strong>siamo uno spazio senza fumo al 100%.<\/strong><\/p>\n<p>Non si tratta esclusivamente di una decisione normativa, ma di un principio che fa parte della nostra identit\u00e0 in qualit\u00e0 di hotel boutique moderno e consapevole, la cui offerta si orienta alla proposta di esperienze di qualit\u00e0 in un ambiente curato, pulito e salutare.<\/p>\n<p><strong>Per un ambiente pi\u00f9 sano e rispettoso<\/strong><\/p>\n<p>Il fumo del tabacco non danneggia solo la salute di chi fuma, ma anche di chi gli sta intorno. Siamo una struttura responsabile, per cui rifiutiamo la normalizzazione del tabagismo all\u2019interno degli spazi condivisi e adottiamo un approccio attivo al fine di garantire:<\/p>\n<ul>\n<li>Un ambiente senza fumo e odori residui<\/li>\n<li>Spazi pi\u00f9 puliti e sicuri<\/li>\n<li>Aria fresca e priva di sostanze inquinanti<\/li>\n<li>Convivenza rispettosa tra tutti i nostri ospiti<\/li>\n<\/ul>\n<p><strong>Un\u2019esperienza senza inconvenienti<\/strong><\/p>\n<p>La nostra politica punta a garantire che tutti i visitatori dell\u2019Hotel Arconte (fumatori e non) possano godersi un soggiorno senza disagi.<br \/>\nPer questo motivo <strong>\u00e8 strettamente proibito fumare in tutta la struttura<\/strong>, incluse le stanze, i balconi, le terrazze, le zone comuni e quelle all\u2019aperto.<\/p>\n<p>Vogliamo che lo spazio sia impeccabile ad ogni arrivo, senza tracce n\u00e9 odori dell\u2019ospite precedente.<br \/>\nPer noi, la pulizia non \u00e8 solo una questione di estetica, ma anche di rispetto.<\/p>\n<p><strong>Misure in caso d\u2019inadempienza<\/strong><\/p>\n<p>Con la finalit\u00e0 di garantire il rispetto di questa politica, nel caso in cui si rilevino resti di fumo o tracce del consumo di tabacco nelle strutture, l\u2019hotel si riserva il diritto di addebitare una<strong> penale di 800 euro<\/strong> a titolo di spese di pulizia e deodorizzazione.<\/p>\n<p><strong>Il nostro impegno per il vostro benessere<\/strong><\/p>\n<p>Questa dichiarazione riflette il nostro impegno deciso per un\u2019accoglienza pi\u00f9 responsabile, sostenibile e consapevole.<br \/>\nSappiamo che le piccole decisioni fanno grandi differenze: un\u2019aria pi\u00f9 pura, un risposo pi\u00f9 rigenerante, un&#8217;esperienza pi\u00f9 piena.<\/p>\n<p>Vi ringraziamo per rispettare e condividere questa dichiarazione d\u2019impegno.<br \/>\n<strong>Hotel 100% smoke-free<\/strong><\/p>\n<p>&nbsp;<\/p>\n","protected":false},"excerpt":{"rendered":"<p>Dichiarazione d\u2019impegno: Hotel 100% smoke-free Riconfermiamo il nostro impegno nei confronti del benessere, della salute e del rispetto reciproco attraverso una politica chiara e risoluta: siamo uno spazio senza fumo al 100%. Non si tratta esclusivamente di una decisione normativa, ma di un principio che fa parte della nostra identit\u00e0 in qualit\u00e0 di hotel boutique [&hellip;]<\/p>\n","protected":false},"author":9,"featured_media":0,"parent":0,"menu_order":0,"comment_status":"closed","ping_status":"closed","template":"","meta":{"_acf_changed":false,"inline_featured_image":false,"footnotes":""},"class_list":["post-3475","page","type-page","status-publish","hentry"],"acf":[],"yoast_head":"<!-- This site is optimized with the Yoast SEO plugin v26.7 - https:\/\/yoast.com\/wordpress\/plugins\/seo\/ -->\n<title>Hotel senza fumo - Hotel Arconte<\/title>\n<meta name=\"robots\" content=\"index, follow, max-snippet:-1, max-image-preview:large, max-video-preview:-1\" \/>\n<link rel=\"canonical\" href=\"https:\/\/hotelarconte.com\/it\/hotel-senza-fumo\/\" \/>\n<meta property=\"og:locale\" content=\"it_IT\" \/>\n<meta property=\"og:type\" content=\"article\" \/>\n<meta property=\"og:title\" content=\"Hotel senza fumo - Hotel Arconte\" \/>\n<meta property=\"og:description\" content=\"Dichiarazione d\u2019impegno: Hotel 100% smoke-free Riconfermiamo il nostro impegno nei confronti del benessere, della salute e del rispetto reciproco attraverso una politica chiara e risoluta: siamo uno spazio senza fumo al 100%. Non si tratta esclusivamente di una decisione normativa, ma di un principio che fa parte della nostra identit\u00e0 in qualit\u00e0 di hotel boutique [&hellip;]\" \/>\n<meta property=\"og:url\" content=\"https:\/\/hotelarconte.com\/it\/hotel-senza-fumo\/\" \/>\n<meta property=\"og:site_name\" content=\"Hotel Arconte\" \/>\n<meta property=\"article:modified_time\" content=\"2025-07-08T09:44:26+00:00\" \/>\n<meta name=\"twitter:card\" content=\"summary_large_image\" \/>\n<meta name=\"twitter:label1\" content=\"Tempo di lettura stimato\" \/>\n\t<meta name=\"twitter:data1\" content=\"2 minuti\" \/>\n<script type=\"application\/ld+json\" class=\"yoast-schema-graph\">{\"@context\":\"https:\/\/schema.org\",\"@graph\":[{\"@type\":\"WebPage\",\"@id\":\"https:\/\/hotelarconte.com\/it\/hotel-senza-fumo\/\",\"url\":\"https:\/\/hotelarconte.com\/it\/hotel-senza-fumo\/\",\"name\":\"Hotel senza fumo - Hotel Arconte\",\"isPartOf\":{\"@id\":\"https:\/\/hotelarconte.com\/it\/#website\"},\"datePublished\":\"2025-06-10T15:41:25+00:00\",\"dateModified\":\"2025-07-08T09:44:26+00:00\",\"breadcrumb\":{\"@id\":\"https:\/\/hotelarconte.com\/it\/hotel-senza-fumo\/#breadcrumb\"},\"inLanguage\":\"it-IT\",\"potentialAction\":[{\"@type\":\"ReadAction\",\"target\":[\"https:\/\/hotelarconte.com\/it\/hotel-senza-fumo\/\"]}]},{\"@type\":\"BreadcrumbList\",\"@id\":\"https:\/\/hotelarconte.com\/it\/hotel-senza-fumo\/#breadcrumb\",\"itemListElement\":[{\"@type\":\"ListItem\",\"position\":1,\"name\":\"Home\",\"item\":\"https:\/\/hotelarconte.com\/it\/\"},{\"@type\":\"ListItem\",\"position\":2,\"name\":\"Hotel senza fumo\"}]},{\"@type\":\"WebSite\",\"@id\":\"https:\/\/hotelarconte.com\/it\/#website\",\"url\":\"https:\/\/hotelarconte.com\/it\/\",\"name\":\"Hotel Arconte\",\"description\":\"\",\"publisher\":{\"@id\":\"https:\/\/hotelarconte.com\/it\/#organization\"},\"potentialAction\":[{\"@type\":\"SearchAction\",\"target\":{\"@type\":\"EntryPoint\",\"urlTemplate\":\"https:\/\/hotelarconte.com\/it\/?s={search_term_string}\"},\"query-input\":{\"@type\":\"PropertyValueSpecification\",\"valueRequired\":true,\"valueName\":\"search_term_string\"}}],\"inLanguage\":\"it-IT\"},{\"@type\":\"Organization\",\"@id\":\"https:\/\/hotelarconte.com\/it\/#organization\",\"name\":\"Hotel Arconte\",\"url\":\"https:\/\/hotelarconte.com\/it\/\",\"logo\":{\"@type\":\"ImageObject\",\"inLanguage\":\"it-IT\",\"@id\":\"https:\/\/hotelarconte.com\/it\/#\/schema\/logo\/image\/\",\"url\":\"https:\/\/hotelarconte.com\/wp-content\/uploads\/sites\/7\/2024\/10\/cropped-fav-arconte.png\",\"contentUrl\":\"https:\/\/hotelarconte.com\/wp-content\/uploads\/sites\/7\/2024\/10\/cropped-fav-arconte.png\",\"width\":512,\"height\":512,\"caption\":\"Hotel Arconte\"},\"image\":{\"@id\":\"https:\/\/hotelarconte.com\/it\/#\/schema\/logo\/image\/\"}}]}<\/script>\n<!-- \/ Yoast SEO plugin. -->","yoast_head_json":{"title":"Hotel senza fumo - Hotel Arconte","robots":{"index":"index","follow":"follow","max-snippet":"max-snippet:-1","max-image-preview":"max-image-preview:large","max-video-preview":"max-video-preview:-1"},"canonical":"https:\/\/hotelarconte.com\/it\/hotel-senza-fumo\/","og_locale":"it_IT","og_type":"article","og_title":"Hotel senza fumo - Hotel Arconte","og_description":"Dichiarazione d\u2019impegno: Hotel 100% smoke-free Riconfermiamo il nostro impegno nei confronti del benessere, della salute e del rispetto reciproco attraverso una politica chiara e risoluta: siamo uno spazio senza fumo al 100%. Non si tratta esclusivamente di una decisione normativa, ma di un principio che fa parte della nostra identit\u00e0 in qualit\u00e0 di hotel boutique [&hellip;]","og_url":"https:\/\/hotelarconte.com\/it\/hotel-senza-fumo\/","og_site_name":"Hotel Arconte","article_modified_time":"2025-07-08T09:44:26+00:00","twitter_card":"summary_large_image","twitter_misc":{"Tempo di lettura stimato":"2 minuti"},"schema":{"@context":"https:\/\/schema.org","@graph":[{"@type":"WebPage","@id":"https:\/\/hotelarconte.com\/it\/hotel-senza-fumo\/","url":"https:\/\/hotelarconte.com\/it\/hotel-senza-fumo\/","name":"Hotel senza fumo - Hotel Arconte","isPartOf":{"@id":"https:\/\/hotelarconte.com\/it\/#website"},"datePublished":"2025-06-10T15:41:25+00:00","dateModified":"2025-07-08T09:44:26+00:00","breadcrumb":{"@id":"https:\/\/hotelarconte.com\/it\/hotel-senza-fumo\/#breadcrumb"},"inLanguage":"it-IT","potentialAction":[{"@type":"ReadAction","target":["https:\/\/hotelarconte.com\/it\/hotel-senza-fumo\/"]}]},{"@type":"BreadcrumbList","@id":"https:\/\/hotelarconte.com\/it\/hotel-senza-fumo\/#breadcrumb","itemListElement":[{"@type":"ListItem","position":1,"name":"Home","item":"https:\/\/hotelarconte.com\/it\/"},{"@type":"ListItem","position":2,"name":"Hotel senza fumo"}]},{"@type":"WebSite","@id":"https:\/\/hotelarconte.com\/it\/#website","url":"https:\/\/hotelarconte.com\/it\/","name":"Hotel Arconte","description":"","publisher":{"@id":"https:\/\/hotelarconte.com\/it\/#organization"},"potentialAction":[{"@type":"SearchAction","target":{"@type":"EntryPoint","urlTemplate":"https:\/\/hotelarconte.com\/it\/?s={search_term_string}"},"query-input":{"@type":"PropertyValueSpecification","valueRequired":true,"valueName":"search_term_string"}}],"inLanguage":"it-IT"},{"@type":"Organization","@id":"https:\/\/hotelarconte.com\/it\/#organization","name":"Hotel Arconte","url":"https:\/\/hotelarconte.com\/it\/","logo":{"@type":"ImageObject","inLanguage":"it-IT","@id":"https:\/\/hotelarconte.com\/it\/#\/schema\/logo\/image\/","url":"https:\/\/hotelarconte.com\/wp-content\/uploads\/sites\/7\/2024\/10\/cropped-fav-arconte.png","contentUrl":"https:\/\/hotelarconte.com\/wp-content\/uploads\/sites\/7\/2024\/10\/cropped-fav-arconte.png","width":512,"height":512,"caption":"Hotel Arconte"},"image":{"@id":"https:\/\/hotelarconte.com\/it\/#\/schema\/logo\/image\/"}}]}},"_links":{"self":[{"href":"https:\/\/hotelarconte.com\/it\/wp-json\/wp\/v2\/pages\/3475","targetHints":{"allow":["GET"]}}],"collection":[{"href":"https:\/\/hotelarconte.com\/it\/wp-json\/wp\/v2\/pages"}],"about":[{"href":"https:\/\/hotelarconte.com\/it\/wp-json\/wp\/v2\/types\/page"}],"author":[{"embeddable":true,"href":"https:\/\/hotelarconte.com\/it\/wp-json\/wp\/v2\/users\/9"}],"replies":[{"embeddable":true,"href":"https:\/\/hotelarconte.com\/it\/wp-json\/wp\/v2\/comments?post=3475"}],"version-history":[{"count":3,"href":"https:\/\/hotelarconte.com\/it\/wp-json\/wp\/v2\/pages\/3475\/revisions"}],"predecessor-version":[{"id":3507,"href":"https:\/\/hotelarconte.com\/it\/wp-json\/wp\/v2\/pages\/3475\/revisions\/3507"}],"wp:attachment":[{"href":"https:\/\/hotelarconte.com\/it\/wp-json\/wp\/v2\/media?parent=3475"}],"curies":[{"name":"wp","href":"https:\/\/api.w.org\/{rel}","templated":true}]}}