{"id":3471,"date":"2025-06-10T15:41:25","date_gmt":"2025-06-10T15:41:25","guid":{"rendered":"https:\/\/hotelarconte.com\/?page_id=3471"},"modified":"2025-07-08T09:43:52","modified_gmt":"2025-07-08T09:43:52","slug":"hotel-sans-fumee","status":"publish","type":"page","link":"https:\/\/hotelarconte.com\/fr\/hotel-sans-fumee\/","title":{"rendered":"H\u00f4tel 100 % sans fum\u00e9e"},"content":{"rendered":"<p><strong>D\u00e9claration d\u2019engagement\u00a0: H\u00f4tel 100\u00a0% sans tabac<\/strong><\/p>\n<p>Nous r\u00e9affirmons notre engagement en faveur du bien-\u00eatre, de la sant\u00e9 et du respect mutuel \u00e0 l\u2019aide d\u2019une politique claire et ferme\u00a0:<br \/>\n<strong>nous sommes un espace 100\u00a0% sans tabac.<\/strong><\/p>\n<p>Cette d\u00e9cision n\u2019est pas seulement impos\u00e9e par la r\u00e9glementation\u00a0: c\u2019est un principe constitutif de notre identit\u00e9 d\u2019h\u00f4tel boutique moderne et conscient, dont la mission est d\u2019offrir des exp\u00e9riences de qualit\u00e9 dans un cadre soign\u00e9, propre et sain.<\/p>\n<p><strong>Pour un environnement plus sain et respectueux<\/strong><\/p>\n<p>La fum\u00e9e du tabac ne nuit pas seulement \u00e0 la sant\u00e9 des fumeurs, mais aussi des personnes qui les entourent. En tant qu\u2019\u00e9tablissement responsable, nous rejetons la normalisation du tabagisme dans les espaces partag\u00e9s et nous adoptons une position active afin de garantir\u00a0:<\/p>\n<ul>\n<li>Un environnement sans fum\u00e9e et sans odeurs r\u00e9siduelles<\/li>\n<li>Des espaces plus propres et plus s\u00fbrs<\/li>\n<li>Un air frais et sans polluants<\/li>\n<li>Une cohabitation respectueuse entre tous nos clients<\/li>\n<\/ul>\n<p><strong>Une exp\u00e9rience sans d\u00e9sagr\u00e9ments<\/strong><\/p>\n<p>Notre politique vise \u00e0 offrir un s\u00e9jour sans incommodit\u00e9s \u00e0 toutes les personnes qui visitent l\u2019h\u00f4tel Arconte.<br \/>\nPar cons\u00e9quent, <strong>il est strictement interdit de fumer dans l\u2019ensemble de l\u2019\u00e9tablissement<\/strong>, y compris les chambres, les balcons, les terrasses ainsi que les zones communes et ext\u00e9rieures.<\/p>\n<p>Nous voulons que chaque personne arrivant dans l\u2019h\u00f4tel trouve un espace impeccable, sans traces et sans odeurs du client pr\u00e9c\u00e9dent.<br \/>\nPour nous, la propret\u00e9 n\u2019est pas seulement une question esth\u00e9tique, mais aussi de respect.<\/p>\n<p><strong>Mesures en cas de non-respect des r\u00e8gles<\/strong><\/p>\n<p>Afin de garantir le respect de cette politique, l\u2019h\u00f4tel se r\u00e9serve le droit d\u2019appliquer <strong>des frais de nettoyage et de d\u00e9sodorisation de 800 euros<\/strong> si des traces de fum\u00e9es ou des indices de consommation de tabac dans les installations sont d\u00e9tect\u00e9s.<\/p>\n<p><strong>Notre engagement, votre bien-\u00eatre<\/strong><\/p>\n<p>Cette d\u00e9claration refl\u00e8te notre engagement ferme en faveur d\u2019une h\u00f4tellerie plus responsable, durable et consciente.<br \/>\nNous savons que les petites d\u00e9cisions peuvent faire de grandes choses\u00a0: un air plus pur, une nuit plus r\u00e9paratrice, une exp\u00e9rience plus pleine.<\/p>\n<p>Merci de respecter et de partager cet engagement.<br \/>\n<strong>H\u00f4tel 100\u00a0% sans tabac<\/strong><\/p>\n","protected":false},"excerpt":{"rendered":"<p>D\u00e9claration d\u2019engagement\u00a0: H\u00f4tel 100\u00a0% sans tabac Nous r\u00e9affirmons notre engagement en faveur du bien-\u00eatre, de la sant\u00e9 et du respect mutuel \u00e0 l\u2019aide d\u2019une politique claire et ferme\u00a0: nous sommes un espace 100\u00a0% sans tabac. Cette d\u00e9cision n\u2019est pas seulement impos\u00e9e par la r\u00e9glementation\u00a0: c\u2019est un principe constitutif de notre identit\u00e9 d\u2019h\u00f4tel boutique moderne et [&hellip;]<\/p>\n","protected":false},"author":9,"featured_media":0,"parent":0,"menu_order":0,"comment_status":"closed","ping_status":"closed","template":"","meta":{"_acf_changed":false,"inline_featured_image":false,"footnotes":""},"class_list":["post-3471","page","type-page","status-publish","hentry"],"acf":[],"yoast_head":"<!-- This site is optimized with the Yoast SEO plugin v26.7 - https:\/\/yoast.com\/wordpress\/plugins\/seo\/ -->\n<title>H\u00f4tel 100 % sans fum\u00e9e - Hotel Arconte<\/title>\n<meta name=\"robots\" content=\"index, follow, max-snippet:-1, max-image-preview:large, max-video-preview:-1\" \/>\n<link rel=\"canonical\" href=\"https:\/\/hotelarconte.com\/fr\/hotel-sans-fumee\/\" \/>\n<meta property=\"og:locale\" content=\"fr_FR\" \/>\n<meta property=\"og:type\" content=\"article\" \/>\n<meta property=\"og:title\" content=\"H\u00f4tel 100 % sans fum\u00e9e - Hotel Arconte\" \/>\n<meta property=\"og:description\" content=\"D\u00e9claration d\u2019engagement\u00a0: H\u00f4tel 100\u00a0% sans tabac Nous r\u00e9affirmons notre engagement en faveur du bien-\u00eatre, de la sant\u00e9 et du respect mutuel \u00e0 l\u2019aide d\u2019une politique claire et ferme\u00a0: nous sommes un espace 100\u00a0% sans tabac. Cette d\u00e9cision n\u2019est pas seulement impos\u00e9e par la r\u00e9glementation\u00a0: c\u2019est un principe constitutif de notre identit\u00e9 d\u2019h\u00f4tel boutique moderne et [&hellip;]\" \/>\n<meta property=\"og:url\" content=\"https:\/\/hotelarconte.com\/fr\/hotel-sans-fumee\/\" \/>\n<meta property=\"og:site_name\" content=\"Hotel Arconte\" \/>\n<meta property=\"article:modified_time\" content=\"2025-07-08T09:43:52+00:00\" \/>\n<meta name=\"twitter:card\" content=\"summary_large_image\" \/>\n<meta name=\"twitter:label1\" content=\"Dur\u00e9e de lecture estim\u00e9e\" \/>\n\t<meta name=\"twitter:data1\" content=\"2 minutes\" \/>\n<script type=\"application\/ld+json\" class=\"yoast-schema-graph\">{\"@context\":\"https:\/\/schema.org\",\"@graph\":[{\"@type\":\"WebPage\",\"@id\":\"https:\/\/hotelarconte.com\/fr\/hotel-sans-fumee\/\",\"url\":\"https:\/\/hotelarconte.com\/fr\/hotel-sans-fumee\/\",\"name\":\"H\u00f4tel 100 % sans fum\u00e9e - Hotel Arconte\",\"isPartOf\":{\"@id\":\"https:\/\/hotelarconte.com\/fr\/#website\"},\"datePublished\":\"2025-06-10T15:41:25+00:00\",\"dateModified\":\"2025-07-08T09:43:52+00:00\",\"breadcrumb\":{\"@id\":\"https:\/\/hotelarconte.com\/fr\/hotel-sans-fumee\/#breadcrumb\"},\"inLanguage\":\"fr-FR\",\"potentialAction\":[{\"@type\":\"ReadAction\",\"target\":[\"https:\/\/hotelarconte.com\/fr\/hotel-sans-fumee\/\"]}]},{\"@type\":\"BreadcrumbList\",\"@id\":\"https:\/\/hotelarconte.com\/fr\/hotel-sans-fumee\/#breadcrumb\",\"itemListElement\":[{\"@type\":\"ListItem\",\"position\":1,\"name\":\"Home\",\"item\":\"https:\/\/hotelarconte.com\/fr\/\"},{\"@type\":\"ListItem\",\"position\":2,\"name\":\"H\u00f4tel 100 % sans fum\u00e9e\"}]},{\"@type\":\"WebSite\",\"@id\":\"https:\/\/hotelarconte.com\/fr\/#website\",\"url\":\"https:\/\/hotelarconte.com\/fr\/\",\"name\":\"Hotel Arconte\",\"description\":\"\",\"publisher\":{\"@id\":\"https:\/\/hotelarconte.com\/fr\/#organization\"},\"potentialAction\":[{\"@type\":\"SearchAction\",\"target\":{\"@type\":\"EntryPoint\",\"urlTemplate\":\"https:\/\/hotelarconte.com\/fr\/?s={search_term_string}\"},\"query-input\":{\"@type\":\"PropertyValueSpecification\",\"valueRequired\":true,\"valueName\":\"search_term_string\"}}],\"inLanguage\":\"fr-FR\"},{\"@type\":\"Organization\",\"@id\":\"https:\/\/hotelarconte.com\/fr\/#organization\",\"name\":\"Hotel Arconte\",\"url\":\"https:\/\/hotelarconte.com\/fr\/\",\"logo\":{\"@type\":\"ImageObject\",\"inLanguage\":\"fr-FR\",\"@id\":\"https:\/\/hotelarconte.com\/fr\/#\/schema\/logo\/image\/\",\"url\":\"https:\/\/hotelarconte.com\/wp-content\/uploads\/sites\/7\/2024\/10\/cropped-fav-arconte.png\",\"contentUrl\":\"https:\/\/hotelarconte.com\/wp-content\/uploads\/sites\/7\/2024\/10\/cropped-fav-arconte.png\",\"width\":512,\"height\":512,\"caption\":\"Hotel Arconte\"},\"image\":{\"@id\":\"https:\/\/hotelarconte.com\/fr\/#\/schema\/logo\/image\/\"}}]}<\/script>\n<!-- \/ Yoast SEO plugin. -->","yoast_head_json":{"title":"H\u00f4tel 100 % sans fum\u00e9e - Hotel Arconte","robots":{"index":"index","follow":"follow","max-snippet":"max-snippet:-1","max-image-preview":"max-image-preview:large","max-video-preview":"max-video-preview:-1"},"canonical":"https:\/\/hotelarconte.com\/fr\/hotel-sans-fumee\/","og_locale":"fr_FR","og_type":"article","og_title":"H\u00f4tel 100 % sans fum\u00e9e - Hotel Arconte","og_description":"D\u00e9claration d\u2019engagement\u00a0: H\u00f4tel 100\u00a0% sans tabac Nous r\u00e9affirmons notre engagement en faveur du bien-\u00eatre, de la sant\u00e9 et du respect mutuel \u00e0 l\u2019aide d\u2019une politique claire et ferme\u00a0: nous sommes un espace 100\u00a0% sans tabac. Cette d\u00e9cision n\u2019est pas seulement impos\u00e9e par la r\u00e9glementation\u00a0: c\u2019est un principe constitutif de notre identit\u00e9 d\u2019h\u00f4tel boutique moderne et [&hellip;]","og_url":"https:\/\/hotelarconte.com\/fr\/hotel-sans-fumee\/","og_site_name":"Hotel Arconte","article_modified_time":"2025-07-08T09:43:52+00:00","twitter_card":"summary_large_image","twitter_misc":{"Dur\u00e9e de lecture estim\u00e9e":"2 minutes"},"schema":{"@context":"https:\/\/schema.org","@graph":[{"@type":"WebPage","@id":"https:\/\/hotelarconte.com\/fr\/hotel-sans-fumee\/","url":"https:\/\/hotelarconte.com\/fr\/hotel-sans-fumee\/","name":"H\u00f4tel 100 % sans fum\u00e9e - Hotel Arconte","isPartOf":{"@id":"https:\/\/hotelarconte.com\/fr\/#website"},"datePublished":"2025-06-10T15:41:25+00:00","dateModified":"2025-07-08T09:43:52+00:00","breadcrumb":{"@id":"https:\/\/hotelarconte.com\/fr\/hotel-sans-fumee\/#breadcrumb"},"inLanguage":"fr-FR","potentialAction":[{"@type":"ReadAction","target":["https:\/\/hotelarconte.com\/fr\/hotel-sans-fumee\/"]}]},{"@type":"BreadcrumbList","@id":"https:\/\/hotelarconte.com\/fr\/hotel-sans-fumee\/#breadcrumb","itemListElement":[{"@type":"ListItem","position":1,"name":"Home","item":"https:\/\/hotelarconte.com\/fr\/"},{"@type":"ListItem","position":2,"name":"H\u00f4tel 100 % sans fum\u00e9e"}]},{"@type":"WebSite","@id":"https:\/\/hotelarconte.com\/fr\/#website","url":"https:\/\/hotelarconte.com\/fr\/","name":"Hotel Arconte","description":"","publisher":{"@id":"https:\/\/hotelarconte.com\/fr\/#organization"},"potentialAction":[{"@type":"SearchAction","target":{"@type":"EntryPoint","urlTemplate":"https:\/\/hotelarconte.com\/fr\/?s={search_term_string}"},"query-input":{"@type":"PropertyValueSpecification","valueRequired":true,"valueName":"search_term_string"}}],"inLanguage":"fr-FR"},{"@type":"Organization","@id":"https:\/\/hotelarconte.com\/fr\/#organization","name":"Hotel Arconte","url":"https:\/\/hotelarconte.com\/fr\/","logo":{"@type":"ImageObject","inLanguage":"fr-FR","@id":"https:\/\/hotelarconte.com\/fr\/#\/schema\/logo\/image\/","url":"https:\/\/hotelarconte.com\/wp-content\/uploads\/sites\/7\/2024\/10\/cropped-fav-arconte.png","contentUrl":"https:\/\/hotelarconte.com\/wp-content\/uploads\/sites\/7\/2024\/10\/cropped-fav-arconte.png","width":512,"height":512,"caption":"Hotel Arconte"},"image":{"@id":"https:\/\/hotelarconte.com\/fr\/#\/schema\/logo\/image\/"}}]}},"_links":{"self":[{"href":"https:\/\/hotelarconte.com\/fr\/wp-json\/wp\/v2\/pages\/3471","targetHints":{"allow":["GET"]}}],"collection":[{"href":"https:\/\/hotelarconte.com\/fr\/wp-json\/wp\/v2\/pages"}],"about":[{"href":"https:\/\/hotelarconte.com\/fr\/wp-json\/wp\/v2\/types\/page"}],"author":[{"embeddable":true,"href":"https:\/\/hotelarconte.com\/fr\/wp-json\/wp\/v2\/users\/9"}],"replies":[{"embeddable":true,"href":"https:\/\/hotelarconte.com\/fr\/wp-json\/wp\/v2\/comments?post=3471"}],"version-history":[{"count":3,"href":"https:\/\/hotelarconte.com\/fr\/wp-json\/wp\/v2\/pages\/3471\/revisions"}],"predecessor-version":[{"id":3506,"href":"https:\/\/hotelarconte.com\/fr\/wp-json\/wp\/v2\/pages\/3471\/revisions\/3506"}],"wp:attachment":[{"href":"https:\/\/hotelarconte.com\/fr\/wp-json\/wp\/v2\/media?parent=3471"}],"curies":[{"name":"wp","href":"https:\/\/api.w.org\/{rel}","templated":true}]}}