{"id":3316,"date":"2025-03-31T08:30:33","date_gmt":"2025-03-31T08:30:33","guid":{"rendered":"https:\/\/hotelarconte.com\/?page_id=3316"},"modified":"2025-10-31T11:29:41","modified_gmt":"2025-10-31T11:29:41","slug":"groupes-evenements","status":"publish","type":"page","link":"https:\/\/hotelarconte.com\/fr\/groupes-evenements\/","title":{"rendered":"Groupes et \u00e9v\u00e9nements"},"content":{"rendered":"","protected":false},"excerpt":{"rendered":"","protected":false},"author":9,"featured_media":0,"parent":0,"menu_order":0,"comment_status":"closed","ping_status":"closed","template":"templates\/page-flexible.php","meta":{"_acf_changed":false,"inline_featured_image":false,"footnotes":""},"class_list":["post-3316","page","type-page","status-publish","hentry"],"acf":[],"yoast_head":"<!-- This site is optimized with the Yoast SEO plugin v26.7 - https:\/\/yoast.com\/wordpress\/plugins\/seo\/ -->\n<title>Groupes et \u00e9v\u00e9nements - Hotel Arconte<\/title>\n<meta name=\"description\" content=\"Choisissez l&#039;h\u00f4tel Arconte \u00e0 Barcelone pour vos r\u00e9unions et \u00e9v\u00e9nements dans la ville. Un h\u00f4tel SUP 4* dans un emplacement strat\u00e9gique avec toutes les commodit\u00e9s.\" \/>\n<meta name=\"robots\" content=\"index, follow, max-snippet:-1, max-image-preview:large, max-video-preview:-1\" \/>\n<link rel=\"canonical\" href=\"https:\/\/hotelarconte.com\/fr\/groupes-evenements\/\" \/>\n<meta property=\"og:locale\" content=\"fr_FR\" \/>\n<meta property=\"og:type\" content=\"article\" \/>\n<meta property=\"og:title\" content=\"Groupes et \u00e9v\u00e9nements - Hotel Arconte\" \/>\n<meta property=\"og:description\" content=\"Choisissez l&#039;h\u00f4tel Arconte \u00e0 Barcelone pour vos r\u00e9unions et \u00e9v\u00e9nements dans la ville. Un h\u00f4tel SUP 4* dans un emplacement strat\u00e9gique avec toutes les commodit\u00e9s.\" \/>\n<meta property=\"og:url\" content=\"https:\/\/hotelarconte.com\/fr\/groupes-evenements\/\" \/>\n<meta property=\"og:site_name\" content=\"Hotel Arconte\" \/>\n<meta property=\"article:modified_time\" content=\"2025-10-31T11:29:41+00:00\" \/>\n<meta name=\"twitter:card\" content=\"summary_large_image\" \/>\n<meta name=\"twitter:label1\" content=\"Dur\u00e9e de lecture estim\u00e9e\" \/>\n\t<meta name=\"twitter:data1\" content=\"2 minutes\" \/>\n<script type=\"application\/ld+json\" class=\"yoast-schema-graph\">{\"@context\":\"https:\/\/schema.org\",\"@graph\":[{\"@type\":\"WebPage\",\"@id\":\"https:\/\/hotelarconte.com\/fr\/groupes-evenements\/\",\"url\":\"https:\/\/hotelarconte.com\/fr\/groupes-evenements\/\",\"name\":\"Groupes et \u00e9v\u00e9nements - Hotel Arconte\",\"isPartOf\":{\"@id\":\"https:\/\/hotelarconte.com\/fr\/#website\"},\"datePublished\":\"2025-03-31T08:30:33+00:00\",\"dateModified\":\"2025-10-31T11:29:41+00:00\",\"description\":\"Choisissez l'h\u00f4tel Arconte \u00e0 Barcelone pour vos r\u00e9unions et \u00e9v\u00e9nements dans la ville. Un h\u00f4tel SUP 4* dans un emplacement strat\u00e9gique avec toutes les commodit\u00e9s.\",\"breadcrumb\":{\"@id\":\"https:\/\/hotelarconte.com\/fr\/groupes-evenements\/#breadcrumb\"},\"inLanguage\":\"fr-FR\",\"potentialAction\":[{\"@type\":\"ReadAction\",\"target\":[\"https:\/\/hotelarconte.com\/fr\/groupes-evenements\/\"]}]},{\"@type\":\"BreadcrumbList\",\"@id\":\"https:\/\/hotelarconte.com\/fr\/groupes-evenements\/#breadcrumb\",\"itemListElement\":[{\"@type\":\"ListItem\",\"position\":1,\"name\":\"Home\",\"item\":\"https:\/\/hotelarconte.com\/fr\/\"},{\"@type\":\"ListItem\",\"position\":2,\"name\":\"Groupes et \u00e9v\u00e9nements\"}]},{\"@type\":\"WebSite\",\"@id\":\"https:\/\/hotelarconte.com\/fr\/#website\",\"url\":\"https:\/\/hotelarconte.com\/fr\/\",\"name\":\"Hotel Arconte\",\"description\":\"\",\"publisher\":{\"@id\":\"https:\/\/hotelarconte.com\/fr\/#organization\"},\"potentialAction\":[{\"@type\":\"SearchAction\",\"target\":{\"@type\":\"EntryPoint\",\"urlTemplate\":\"https:\/\/hotelarconte.com\/fr\/?s={search_term_string}\"},\"query-input\":{\"@type\":\"PropertyValueSpecification\",\"valueRequired\":true,\"valueName\":\"search_term_string\"}}],\"inLanguage\":\"fr-FR\"},{\"@type\":\"Organization\",\"@id\":\"https:\/\/hotelarconte.com\/fr\/#organization\",\"name\":\"Hotel Arconte\",\"url\":\"https:\/\/hotelarconte.com\/fr\/\",\"logo\":{\"@type\":\"ImageObject\",\"inLanguage\":\"fr-FR\",\"@id\":\"https:\/\/hotelarconte.com\/fr\/#\/schema\/logo\/image\/\",\"url\":\"https:\/\/hotelarconte.com\/wp-content\/uploads\/sites\/7\/2024\/10\/cropped-fav-arconte.png\",\"contentUrl\":\"https:\/\/hotelarconte.com\/wp-content\/uploads\/sites\/7\/2024\/10\/cropped-fav-arconte.png\",\"width\":512,\"height\":512,\"caption\":\"Hotel Arconte\"},\"image\":{\"@id\":\"https:\/\/hotelarconte.com\/fr\/#\/schema\/logo\/image\/\"}}]}<\/script>\n<!-- \/ Yoast SEO plugin. -->","yoast_head_json":{"title":"Groupes et \u00e9v\u00e9nements - Hotel Arconte","description":"Choisissez l'h\u00f4tel Arconte \u00e0 Barcelone pour vos r\u00e9unions et \u00e9v\u00e9nements dans la ville. Un h\u00f4tel SUP 4* dans un emplacement strat\u00e9gique avec toutes les commodit\u00e9s.","robots":{"index":"index","follow":"follow","max-snippet":"max-snippet:-1","max-image-preview":"max-image-preview:large","max-video-preview":"max-video-preview:-1"},"canonical":"https:\/\/hotelarconte.com\/fr\/groupes-evenements\/","og_locale":"fr_FR","og_type":"article","og_title":"Groupes et \u00e9v\u00e9nements - Hotel Arconte","og_description":"Choisissez l'h\u00f4tel Arconte \u00e0 Barcelone pour vos r\u00e9unions et \u00e9v\u00e9nements dans la ville. Un h\u00f4tel SUP 4* dans un emplacement strat\u00e9gique avec toutes les commodit\u00e9s.","og_url":"https:\/\/hotelarconte.com\/fr\/groupes-evenements\/","og_site_name":"Hotel Arconte","article_modified_time":"2025-10-31T11:29:41+00:00","twitter_card":"summary_large_image","twitter_misc":{"Dur\u00e9e de lecture estim\u00e9e":"2 minutes"},"schema":{"@context":"https:\/\/schema.org","@graph":[{"@type":"WebPage","@id":"https:\/\/hotelarconte.com\/fr\/groupes-evenements\/","url":"https:\/\/hotelarconte.com\/fr\/groupes-evenements\/","name":"Groupes et \u00e9v\u00e9nements - Hotel Arconte","isPartOf":{"@id":"https:\/\/hotelarconte.com\/fr\/#website"},"datePublished":"2025-03-31T08:30:33+00:00","dateModified":"2025-10-31T11:29:41+00:00","description":"Choisissez l'h\u00f4tel Arconte \u00e0 Barcelone pour vos r\u00e9unions et \u00e9v\u00e9nements dans la ville. Un h\u00f4tel SUP 4* dans un emplacement strat\u00e9gique avec toutes les commodit\u00e9s.","breadcrumb":{"@id":"https:\/\/hotelarconte.com\/fr\/groupes-evenements\/#breadcrumb"},"inLanguage":"fr-FR","potentialAction":[{"@type":"ReadAction","target":["https:\/\/hotelarconte.com\/fr\/groupes-evenements\/"]}]},{"@type":"BreadcrumbList","@id":"https:\/\/hotelarconte.com\/fr\/groupes-evenements\/#breadcrumb","itemListElement":[{"@type":"ListItem","position":1,"name":"Home","item":"https:\/\/hotelarconte.com\/fr\/"},{"@type":"ListItem","position":2,"name":"Groupes et \u00e9v\u00e9nements"}]},{"@type":"WebSite","@id":"https:\/\/hotelarconte.com\/fr\/#website","url":"https:\/\/hotelarconte.com\/fr\/","name":"Hotel Arconte","description":"","publisher":{"@id":"https:\/\/hotelarconte.com\/fr\/#organization"},"potentialAction":[{"@type":"SearchAction","target":{"@type":"EntryPoint","urlTemplate":"https:\/\/hotelarconte.com\/fr\/?s={search_term_string}"},"query-input":{"@type":"PropertyValueSpecification","valueRequired":true,"valueName":"search_term_string"}}],"inLanguage":"fr-FR"},{"@type":"Organization","@id":"https:\/\/hotelarconte.com\/fr\/#organization","name":"Hotel Arconte","url":"https:\/\/hotelarconte.com\/fr\/","logo":{"@type":"ImageObject","inLanguage":"fr-FR","@id":"https:\/\/hotelarconte.com\/fr\/#\/schema\/logo\/image\/","url":"https:\/\/hotelarconte.com\/wp-content\/uploads\/sites\/7\/2024\/10\/cropped-fav-arconte.png","contentUrl":"https:\/\/hotelarconte.com\/wp-content\/uploads\/sites\/7\/2024\/10\/cropped-fav-arconte.png","width":512,"height":512,"caption":"Hotel Arconte"},"image":{"@id":"https:\/\/hotelarconte.com\/fr\/#\/schema\/logo\/image\/"}}]}},"_links":{"self":[{"href":"https:\/\/hotelarconte.com\/fr\/wp-json\/wp\/v2\/pages\/3316","targetHints":{"allow":["GET"]}}],"collection":[{"href":"https:\/\/hotelarconte.com\/fr\/wp-json\/wp\/v2\/pages"}],"about":[{"href":"https:\/\/hotelarconte.com\/fr\/wp-json\/wp\/v2\/types\/page"}],"author":[{"embeddable":true,"href":"https:\/\/hotelarconte.com\/fr\/wp-json\/wp\/v2\/users\/9"}],"replies":[{"embeddable":true,"href":"https:\/\/hotelarconte.com\/fr\/wp-json\/wp\/v2\/comments?post=3316"}],"version-history":[{"count":3,"href":"https:\/\/hotelarconte.com\/fr\/wp-json\/wp\/v2\/pages\/3316\/revisions"}],"predecessor-version":[{"id":3558,"href":"https:\/\/hotelarconte.com\/fr\/wp-json\/wp\/v2\/pages\/3316\/revisions\/3558"}],"wp:attachment":[{"href":"https:\/\/hotelarconte.com\/fr\/wp-json\/wp\/v2\/media?parent=3316"}],"curies":[{"name":"wp","href":"https:\/\/api.w.org\/{rel}","templated":true}]}}